{"id":191,"date":"2026-02-12T10:16:18","date_gmt":"2026-02-12T10:16:18","guid":{"rendered":"https:\/\/bayaga.fr\/?page_id=191"},"modified":"2026-02-12T10:31:52","modified_gmt":"2026-02-12T10:31:52","slug":"mentions-legales","status":"publish","type":"page","link":"https:\/\/bayaga.fr\/?page_id=191","title":{"rendered":"Mentions l\u00e9gales"},"content":{"rendered":"\n<p class=\"has-ast-global-color-8-color has-text-color has-link-color wp-elements-637119381ef10aae0aa451dd85e7ab9e\">Le pr\u00e9sent site internet <strong><a href=\"http:\/\/www.bayaga.fr\">www.bayaga.fr<\/a><\/strong> est \u00e9dit\u00e9 par :<\/p>\n\n\n\n<h2 class=\"wp-block-heading\">1. \u00c9diteur du site<\/h2>\n\n\n\n<p class=\"has-ast-global-color-8-color has-text-color has-link-color wp-elements-0ebc2393214cfe1d26e307b8cfd91e56\"><strong>M\u00e9lanie Genet<\/strong><br>Nom commercial : <strong>Bayaga.Ink<\/strong><br>Statut : Profession lib\u00e9rale<br>SIRET : 803 627 439 00034<br>Adresse : 7 rue Maurice Koechlin, 26120 Chabeuil<br>T\u00e9l\u00e9phone : 07 70 73 71 91<br>Email : bayaga.art@gmail.com<\/p>\n\n\n\n<p class=\"has-ast-global-color-8-color has-text-color has-link-color wp-elements-210848e5c5075bc931f0fd4ee3f06e3f\">Directrice de la publication : M\u00e9lanie Genet<\/p>\n\n\n\n<hr class=\"wp-block-separator has-alpha-channel-opacity\"\/>\n\n\n\n<h2 class=\"wp-block-heading\">2. H\u00e9bergement<\/h2>\n\n\n\n<p class=\"has-ast-global-color-8-color has-text-color has-link-color wp-elements-977cac7d81d7fb2c740ebd9d4f126dc0\">Le site est h\u00e9berg\u00e9 par :<\/p>\n\n\n\n<p class=\"has-ast-global-color-8-color has-text-color has-link-color wp-elements-b983b77c471f3e5ffb931cad87d1fb11\"><strong>OVH SAS<\/strong><br>Adresse postale : 2 rue Kellermann, 59100 Roubaix, France<br>T\u00e9l\u00e9phone : <strong>+33 9 72 10 10 07<\/strong><br>Site web : <strong><a href=\"https:\/\/www.ovh.com\" target=\"_blank\" rel=\"noopener\">https:\/\/www.ovh.com<\/a><\/strong><\/p>\n\n\n\n<hr class=\"wp-block-separator has-alpha-channel-opacity\"\/>\n\n\n\n<h2 class=\"wp-block-heading\">3. Propri\u00e9t\u00e9 intellectuelle<\/h2>\n\n\n\n<p class=\"has-ast-global-color-8-color has-text-color has-link-color wp-elements-b0b371202d0592eefc5bf08a8f5cd815\">L\u2019ensemble des contenus pr\u00e9sents sur le site Bayaga.fr (textes, images, photographies, illustrations, logos, cr\u00e9ations graphiques, contenus t\u00e9l\u00e9chargeables) est la propri\u00e9t\u00e9 exclusive de M\u00e9lanie Genet sauf mention contraire.<\/p>\n\n\n\n<p class=\"has-ast-global-color-8-color has-text-color has-link-color wp-elements-40175867791dbe9b667114bd970bcf05\">Toute reproduction, repr\u00e9sentation, modification, publication ou adaptation, totale ou partielle, de ces \u00e9l\u00e9ments est interdite sans autorisation \u00e9crite pr\u00e9alable.<\/p>\n\n\n\n<p class=\"has-ast-global-color-8-color has-text-color has-link-color wp-elements-8318986787c511e50422e40bc3236007\">Les cr\u00e9ations artistiques pr\u00e9sent\u00e9es (tatouages, illustrations, objets, gravures) restent prot\u00e9g\u00e9es par le droit d\u2019auteur.<\/p>\n\n\n\n<hr class=\"wp-block-separator has-alpha-channel-opacity\"\/>\n\n\n\n<h2 class=\"wp-block-heading\">4. Responsabilit\u00e9<\/h2>\n\n\n\n<p class=\"has-ast-global-color-8-color has-text-color has-link-color wp-elements-6e1e7008ffb1dab5fc4eeb77fa5cf1b2\">Les informations diffus\u00e9es sur ce site sont donn\u00e9es \u00e0 titre informatif.<br>Bayaga s\u2019efforce d\u2019assurer l\u2019exactitude des informations, mais ne saurait \u00eatre tenue responsable d\u2019erreurs, d\u2019omissions ou d\u2019une mauvaise interpr\u00e9tation des contenus.<\/p>\n\n\n\n<p class=\"has-ast-global-color-8-color has-text-color has-link-color wp-elements-a0b05f5bb356bb4c14b97b716a338485\">Les pratiques propos\u00e9es (tatouage, dermopigmentation, ateliers cr\u00e9atifs, accompagnement \u00e9nerg\u00e9tique) ne se substituent en aucun cas \u00e0 un avis ou traitement m\u00e9dical.<\/p>\n\n\n\n<hr class=\"wp-block-separator has-alpha-channel-opacity\"\/>\n\n\n\n<h2 class=\"wp-block-heading\">5. Donn\u00e9es personnelles<\/h2>\n\n\n\n<p class=\"has-ast-global-color-8-color has-text-color has-link-color wp-elements-c6b1d4643cc0d189f6360bd87b26d12b\">Les donn\u00e9es personnelles \u00e9ventuellement collect\u00e9es via le formulaire de contact (nom, email, message) sont utilis\u00e9es uniquement pour r\u00e9pondre aux demandes.<\/p>\n\n\n\n<p class=\"has-ast-global-color-8-color has-text-color has-link-color wp-elements-70871014aeb67fef913da883a001a1cd\">Aucune donn\u00e9e n\u2019est vendue ni c\u00e9d\u00e9e \u00e0 des tiers.<\/p>\n\n\n\n<p class=\"has-ast-global-color-8-color has-text-color has-link-color wp-elements-3e7b1fb0f41fe10392fbeb6d23b088f7\">Conform\u00e9ment au R\u00e8glement G\u00e9n\u00e9ral sur la Protection des Donn\u00e9es (RGPD), vous pouvez demander l\u2019acc\u00e8s, la modification ou la suppression de vos donn\u00e9es en \u00e9crivant \u00e0 : bayaga.art@gmail.com .<\/p>\n\n\n\n<hr class=\"wp-block-separator has-alpha-channel-opacity\"\/>\n\n\n\n<h2 class=\"wp-block-heading\">6. Cookies<\/h2>\n\n\n\n<p class=\"has-ast-global-color-8-color has-text-color has-link-color wp-elements-73339eda96decd222a7ffc9c37c5a2cf\">Le site peut utiliser des cookies n\u00e9cessaires \u00e0 son bon fonctionnement ou \u00e0 la mesure d\u2019audience.<\/p>\n\n\n\n<p class=\"has-ast-global-color-8-color has-text-color has-link-color wp-elements-1dbefcabf7cf9ea674e7ff41725f78c3\">Vous pouvez configurer votre navigateur pour refuser les cookies.<\/p>\n\n\n\n<hr class=\"wp-block-separator has-alpha-channel-opacity\"\/>\n\n\n\n<h2 class=\"wp-block-heading\">7. Droit applicable<\/h2>\n\n\n\n<p class=\"has-ast-global-color-8-color has-text-color has-link-color wp-elements-2620c44bac9a2523472426aa47b798b7\">Le pr\u00e9sent site est soumis au droit fran\u00e7ais.<br>En cas de litige, comp\u00e9tence est attribu\u00e9e aux tribunaux comp\u00e9tents.<\/p>\n\n\n\n<p><\/p>\n","protected":false},"excerpt":{"rendered":"<p>Le pr\u00e9sent site internet www.bayaga.fr est \u00e9dit\u00e9 par : 1. \u00c9diteur du site M\u00e9lanie GenetNom commercial : Bayaga.InkStatut : Profession [&hellip;]<\/p>\n","protected":false},"author":1,"featured_media":0,"parent":0,"menu_order":0,"comment_status":"closed","ping_status":"closed","template":"","meta":{"_uag_custom_page_level_css":"","site-sidebar-layout":"default","site-content-layout":"","ast-site-content-layout":"default","site-content-style":"default","site-sidebar-style":"default","ast-global-header-display":"","ast-banner-title-visibility":"","ast-main-header-display":"","ast-hfb-above-header-display":"","ast-hfb-below-header-display":"","ast-hfb-mobile-header-display":"","site-post-title":"","ast-breadcrumbs-content":"","ast-featured-img":"","footer-sml-layout":"","theme-transparent-header-meta":"","adv-header-id-meta":"","stick-header-meta":"","header-above-stick-meta":"","header-main-stick-meta":"","header-below-stick-meta":"","astra-migrate-meta-layouts":"default","ast-page-background-enabled":"default","ast-page-background-meta":{"desktop":{"background-color":"var(--ast-global-color-5)","background-image":"","background-repeat":"repeat","background-position":"center center","background-size":"auto","background-attachment":"scroll","background-type":"","background-media":"","overlay-type":"","overlay-color":"","overlay-opacity":"","overlay-gradient":""},"tablet":{"background-color":"","background-image":"","background-repeat":"repeat","background-position":"center center","background-size":"auto","background-attachment":"scroll","background-type":"","background-media":"","overlay-type":"","overlay-color":"","overlay-opacity":"","overlay-gradient":""},"mobile":{"background-color":"","background-image":"","background-repeat":"repeat","background-position":"center center","background-size":"auto","background-attachment":"scroll","background-type":"","background-media":"","overlay-type":"","overlay-color":"","overlay-opacity":"","overlay-gradient":""}},"ast-content-background-meta":{"desktop":{"background-color":"var(--ast-global-color-4)","background-image":"","background-repeat":"repeat","background-position":"center center","background-size":"auto","background-attachment":"scroll","background-type":"","background-media":"","overlay-type":"","overlay-color":"","overlay-opacity":"","overlay-gradient":""},"tablet":{"background-color":"var(--ast-global-color-4)","background-image":"","background-repeat":"repeat","background-position":"center center","background-size":"auto","background-attachment":"scroll","background-type":"","background-media":"","overlay-type":"","overlay-color":"","overlay-opacity":"","overlay-gradient":""},"mobile":{"background-color":"var(--ast-global-color-4)","background-image":"","background-repeat":"repeat","background-position":"center center","background-size":"auto","background-attachment":"scroll","background-type":"","background-media":"","overlay-type":"","overlay-color":"","overlay-opacity":"","overlay-gradient":""}},"footnotes":""},"class_list":["post-191","page","type-page","status-publish","hentry"],"uagb_featured_image_src":{"full":false,"thumbnail":false,"medium":false,"medium_large":false,"large":false,"1536x1536":false,"2048x2048":false},"uagb_author_info":{"display_name":"Genet","author_link":"https:\/\/bayaga.fr\/author\/admin2280"},"uagb_comment_info":0,"uagb_excerpt":"Le pr\u00e9sent site internet www.bayaga.fr est \u00e9dit\u00e9 par : 1. \u00c9diteur du site M\u00e9lanie GenetNom commercial : Bayaga.InkStatut : Profession [&hellip;]","jetpack_sharing_enabled":true,"_links":{"self":[{"href":"https:\/\/bayaga.fr\/index.php?rest_route=\/wp\/v2\/pages\/191","targetHints":{"allow":["GET"]}}],"collection":[{"href":"https:\/\/bayaga.fr\/index.php?rest_route=\/wp\/v2\/pages"}],"about":[{"href":"https:\/\/bayaga.fr\/index.php?rest_route=\/wp\/v2\/types\/page"}],"author":[{"embeddable":true,"href":"https:\/\/bayaga.fr\/index.php?rest_route=\/wp\/v2\/users\/1"}],"replies":[{"embeddable":true,"href":"https:\/\/bayaga.fr\/index.php?rest_route=%2Fwp%2Fv2%2Fcomments&post=191"}],"version-history":[{"count":2,"href":"https:\/\/bayaga.fr\/index.php?rest_route=\/wp\/v2\/pages\/191\/revisions"}],"predecessor-version":[{"id":198,"href":"https:\/\/bayaga.fr\/index.php?rest_route=\/wp\/v2\/pages\/191\/revisions\/198"}],"wp:attachment":[{"href":"https:\/\/bayaga.fr\/index.php?rest_route=%2Fwp%2Fv2%2Fmedia&parent=191"}],"curies":[{"name":"wp","href":"https:\/\/api.w.org\/{rel}","templated":true}]}}