{"id":195,"date":"2026-02-12T10:29:49","date_gmt":"2026-02-12T10:29:49","guid":{"rendered":"https:\/\/bayaga.fr\/?page_id=195"},"modified":"2026-02-12T10:29:50","modified_gmt":"2026-02-12T10:29:50","slug":"politique-de-confidentialite","status":"publish","type":"page","link":"https:\/\/bayaga.fr\/?page_id=195","title":{"rendered":"Politique de confidentialit\u00e9"},"content":{"rendered":"\n<h2 class=\"wp-block-heading\">1. Pr\u00e9ambule<\/h2>\n\n\n\n<p class=\"has-ast-global-color-8-color has-text-color has-link-color wp-elements-687eaffd2835b92545fec08e97d19d11\">La pr\u00e9sente politique de confidentialit\u00e9 a pour objectif d\u2019informer les utilisateurs du site <strong><a href=\"http:\/\/www.bayaga.fr\">www.bayaga.fr<\/a><\/strong> sur la mani\u00e8re dont leurs donn\u00e9es personnelles peuvent \u00eatre collect\u00e9es et trait\u00e9es, conform\u00e9ment au R\u00e8glement G\u00e9n\u00e9ral sur la Protection des Donn\u00e9es (RGPD).<\/p>\n\n\n\n<hr class=\"wp-block-separator has-alpha-channel-opacity\"\/>\n\n\n\n<h2 class=\"wp-block-heading\">2. Donn\u00e9es collect\u00e9es<\/h2>\n\n\n\n<p class=\"has-ast-global-color-8-color has-text-color has-link-color wp-elements-400fe1c6a33da0389dab5a733a39d493\">Le site Bayaga.fr ne propose pas de formulaire de contact et ne collecte pas volontairement de donn\u00e9es personnelles via saisie directe.<\/p>\n\n\n\n<p class=\"has-ast-global-color-8-color has-text-color has-link-color wp-elements-63c037437a0c7b89f62e921cda5bbe2d\">Cependant, certaines donn\u00e9es peuvent \u00eatre collect\u00e9es automatiquement lors de la navigation :<\/p>\n\n\n\n<ul class=\"wp-block-list\">\n<li class=\"has-ast-global-color-8-color has-text-color has-link-color wp-elements-3bb67213fd62ba695bf782ae2a9440be\">Adresse IP<\/li>\n\n\n\n<li class=\"has-ast-global-color-8-color has-text-color has-link-color wp-elements-5fdfbba59238cbc11c1da1631c960d5a\">Donn\u00e9es de connexion<\/li>\n\n\n\n<li class=\"has-ast-global-color-8-color has-text-color has-link-color wp-elements-c79864b0d370eca46e4ab9c3f2d1d4c5\">Cookies techniques n\u00e9cessaires au fonctionnement du site<\/li>\n\n\n\n<li class=\"has-ast-global-color-8-color has-text-color has-link-color wp-elements-e68fe8355a168243aa0451430fedc182\">Donn\u00e9es statistiques anonymis\u00e9es (le cas \u00e9ch\u00e9ant)<\/li>\n<\/ul>\n\n\n\n<p class=\"has-ast-global-color-8-color has-text-color has-link-color wp-elements-4123fa3a13fb7c741874407ef1499896\">Ces donn\u00e9es sont collect\u00e9es uniquement \u00e0 des fins de bon fonctionnement, de s\u00e9curit\u00e9 et d\u2019am\u00e9lioration du site.<\/p>\n\n\n\n<hr class=\"wp-block-separator has-alpha-channel-opacity\"\/>\n\n\n\n<h2 class=\"wp-block-heading\">3. Cookies<\/h2>\n\n\n\n<p class=\"has-ast-global-color-8-color has-text-color has-link-color wp-elements-bd18de00d509d3d0a66df9dac9f322f1\">Le site utilise des cookies n\u00e9cessaires \u00e0 son bon fonctionnement ainsi que des cookies de mesure d\u2019audience.<\/p>\n\n\n\n<p class=\"has-ast-global-color-8-color has-text-color has-link-color wp-elements-7c1dc268fa4e7d879cbbde2c468856e7\">Un bandeau de gestion des cookies permet \u00e0 l\u2019utilisateur d\u2019accepter, de refuser ou de personnaliser son consentement.<\/p>\n\n\n\n<p class=\"has-ast-global-color-8-color has-text-color has-link-color wp-elements-e72e2e16f281624aabe7719dc62255c8\">Vous pouvez \u00e9galement configurer votre navigateur pour bloquer ou supprimer les cookies.<\/p>\n\n\n\n<hr class=\"wp-block-separator has-alpha-channel-opacity\"\/>\n\n\n\n<h2 class=\"wp-block-heading\">4. Finalit\u00e9 du traitement<\/h2>\n\n\n\n<p class=\"has-ast-global-color-8-color has-text-color has-link-color wp-elements-f95a0f2b5b6f795fb4264e98374f2394\">Les donn\u00e9es collect\u00e9es automatiquement servent exclusivement \u00e0 :<\/p>\n\n\n\n<ul class=\"wp-block-list\">\n<li class=\"has-ast-global-color-8-color has-text-color has-link-color wp-elements-5a9ca0615027311d59e72adc1a1269b8\">Assurer le bon fonctionnement technique du site<\/li>\n\n\n\n<li class=\"has-ast-global-color-8-color has-text-color has-link-color wp-elements-7db38ca66413b85694bbd4243562dbf9\">Garantir la s\u00e9curit\u00e9 et pr\u00e9venir les abus<\/li>\n\n\n\n<li class=\"has-ast-global-color-8-color has-text-color has-link-color wp-elements-6da5bc73a933555c7fa74c79eef5c94f\">Mesurer la fr\u00e9quentation de mani\u00e8re anonyme<\/li>\n<\/ul>\n\n\n\n<p class=\"has-ast-global-color-8-color has-text-color has-link-color wp-elements-8051d0f339ecb3c505d200388eb996fe\">Aucune donn\u00e9e n\u2019est vendue, lou\u00e9e ou c\u00e9d\u00e9e \u00e0 des tiers.<\/p>\n\n\n\n<hr class=\"wp-block-separator has-alpha-channel-opacity\"\/>\n\n\n\n<h2 class=\"wp-block-heading\">5. Dur\u00e9e de conservation<\/h2>\n\n\n\n<p class=\"has-ast-global-color-8-color has-text-color has-link-color wp-elements-fd3666be7d6eb6a7190e298b01d402d2\">Les donn\u00e9es techniques sont conserv\u00e9es pour la dur\u00e9e strictement n\u00e9cessaire au fonctionnement du site et conform\u00e9ment aux obligations l\u00e9gales de l\u2019h\u00e9bergeur.<\/p>\n\n\n\n<p class=\"has-ast-global-color-8-color has-text-color has-link-color wp-elements-1d98a9bdc71b9b457b0f5cbb88344404\">Les cookies ont une dur\u00e9e de conservation limit\u00e9e conform\u00e9ment \u00e0 la r\u00e9glementation en vigueur.<\/p>\n\n\n\n<hr class=\"wp-block-separator has-alpha-channel-opacity\"\/>\n\n\n\n<h2 class=\"wp-block-heading\">6. Vos droits<\/h2>\n\n\n\n<p class=\"has-ast-global-color-8-color has-text-color has-link-color wp-elements-456f989cba6a1f25cfc93668bfb85072\">Conform\u00e9ment au RGPD, vous disposez des droits suivants :<\/p>\n\n\n\n<ul class=\"wp-block-list\">\n<li class=\"has-ast-global-color-8-color has-text-color has-link-color wp-elements-f7f6ce14da89b11d92a5d6f4b1272693\">Droit d\u2019acc\u00e8s<\/li>\n\n\n\n<li class=\"has-ast-global-color-8-color has-text-color has-link-color wp-elements-b3382f86a102125daef155cf6bac4382\">Droit de rectification<\/li>\n\n\n\n<li class=\"has-ast-global-color-8-color has-text-color has-link-color wp-elements-84e51c3496a2541119287439050079a4\">Droit d\u2019effacement<\/li>\n\n\n\n<li class=\"has-ast-global-color-8-color has-text-color has-link-color wp-elements-0e541a020692572c4025c46bc2d0241f\">Droit d\u2019opposition<\/li>\n\n\n\n<li class=\"has-ast-global-color-8-color has-text-color has-link-color wp-elements-9464be0d9d12a938afa207010e1258f0\">Droit \u00e0 la limitation du traitement<\/li>\n<\/ul>\n\n\n\n<p class=\"has-ast-global-color-8-color has-text-color has-link-color wp-elements-92d8bab8b5a328f95d37eaf3795a3432\">Pour exercer ces droits, vous pouvez \u00e9crire \u00e0 :<br>\ud83d\udce9 bayaga.art@gmail.com<\/p>\n\n\n\n<hr class=\"wp-block-separator has-alpha-channel-opacity\"\/>\n\n\n\n<h2 class=\"wp-block-heading\">7. Responsable du traitement<\/h2>\n\n\n\n<p class=\"has-ast-global-color-8-color has-text-color has-link-color wp-elements-25d26e9f51da6dbf841ed5f337460405\">Responsable du traitement :<br><strong>M\u00e9lanie Genet \u2013 Bayaga.Ink<\/strong><br>\ud83d\udccd 7 rue Maurice Koechlin, 26120 Chabeuil<br>\ud83d\udce7 bayaga.art@gmail.com<\/p>\n\n\n\n<p><\/p>\n","protected":false},"excerpt":{"rendered":"<p>1. Pr\u00e9ambule La pr\u00e9sente politique de confidentialit\u00e9 a pour objectif d\u2019informer les utilisateurs du site www.bayaga.fr sur la mani\u00e8re dont [&hellip;]<\/p>\n","protected":false},"author":1,"featured_media":0,"parent":0,"menu_order":0,"comment_status":"closed","ping_status":"closed","template":"","meta":{"_uag_custom_page_level_css":"","site-sidebar-layout":"default","site-content-layout":"","ast-site-content-layout":"default","site-content-style":"default","site-sidebar-style":"default","ast-global-header-display":"","ast-banner-title-visibility":"","ast-main-header-display":"","ast-hfb-above-header-display":"","ast-hfb-below-header-display":"","ast-hfb-mobile-header-display":"","site-post-title":"","ast-breadcrumbs-content":"","ast-featured-img":"","footer-sml-layout":"","theme-transparent-header-meta":"","adv-header-id-meta":"","stick-header-meta":"","header-above-stick-meta":"","header-main-stick-meta":"","header-below-stick-meta":"","astra-migrate-meta-layouts":"default","ast-page-background-enabled":"default","ast-page-background-meta":{"desktop":{"background-color":"var(--ast-global-color-5)","background-image":"","background-repeat":"repeat","background-position":"center center","background-size":"auto","background-attachment":"scroll","background-type":"","background-media":"","overlay-type":"","overlay-color":"","overlay-opacity":"","overlay-gradient":""},"tablet":{"background-color":"","background-image":"","background-repeat":"repeat","background-position":"center center","background-size":"auto","background-attachment":"scroll","background-type":"","background-media":"","overlay-type":"","overlay-color":"","overlay-opacity":"","overlay-gradient":""},"mobile":{"background-color":"","background-image":"","background-repeat":"repeat","background-position":"center center","background-size":"auto","background-attachment":"scroll","background-type":"","background-media":"","overlay-type":"","overlay-color":"","overlay-opacity":"","overlay-gradient":""}},"ast-content-background-meta":{"desktop":{"background-color":"var(--ast-global-color-4)","background-image":"","background-repeat":"repeat","background-position":"center center","background-size":"auto","background-attachment":"scroll","background-type":"","background-media":"","overlay-type":"","overlay-color":"","overlay-opacity":"","overlay-gradient":""},"tablet":{"background-color":"var(--ast-global-color-4)","background-image":"","background-repeat":"repeat","background-position":"center center","background-size":"auto","background-attachment":"scroll","background-type":"","background-media":"","overlay-type":"","overlay-color":"","overlay-opacity":"","overlay-gradient":""},"mobile":{"background-color":"var(--ast-global-color-4)","background-image":"","background-repeat":"repeat","background-position":"center center","background-size":"auto","background-attachment":"scroll","background-type":"","background-media":"","overlay-type":"","overlay-color":"","overlay-opacity":"","overlay-gradient":""}},"footnotes":""},"class_list":["post-195","page","type-page","status-publish","hentry"],"uagb_featured_image_src":{"full":false,"thumbnail":false,"medium":false,"medium_large":false,"large":false,"1536x1536":false,"2048x2048":false},"uagb_author_info":{"display_name":"Genet","author_link":"https:\/\/bayaga.fr\/author\/admin2280"},"uagb_comment_info":0,"uagb_excerpt":"1. Pr\u00e9ambule La pr\u00e9sente politique de confidentialit\u00e9 a pour objectif d\u2019informer les utilisateurs du site www.bayaga.fr sur la mani\u00e8re dont [&hellip;]","jetpack_sharing_enabled":true,"_links":{"self":[{"href":"https:\/\/bayaga.fr\/index.php?rest_route=\/wp\/v2\/pages\/195","targetHints":{"allow":["GET"]}}],"collection":[{"href":"https:\/\/bayaga.fr\/index.php?rest_route=\/wp\/v2\/pages"}],"about":[{"href":"https:\/\/bayaga.fr\/index.php?rest_route=\/wp\/v2\/types\/page"}],"author":[{"embeddable":true,"href":"https:\/\/bayaga.fr\/index.php?rest_route=\/wp\/v2\/users\/1"}],"replies":[{"embeddable":true,"href":"https:\/\/bayaga.fr\/index.php?rest_route=%2Fwp%2Fv2%2Fcomments&post=195"}],"version-history":[{"count":1,"href":"https:\/\/bayaga.fr\/index.php?rest_route=\/wp\/v2\/pages\/195\/revisions"}],"predecessor-version":[{"id":196,"href":"https:\/\/bayaga.fr\/index.php?rest_route=\/wp\/v2\/pages\/195\/revisions\/196"}],"wp:attachment":[{"href":"https:\/\/bayaga.fr\/index.php?rest_route=%2Fwp%2Fv2%2Fmedia&parent=195"}],"curies":[{"name":"wp","href":"https:\/\/api.w.org\/{rel}","templated":true}]}}