{"id":204,"date":"2026-02-12T10:53:08","date_gmt":"2026-02-12T10:53:08","guid":{"rendered":"https:\/\/bayaga.fr\/?page_id=204"},"modified":"2026-02-12T10:53:10","modified_gmt":"2026-02-12T10:53:10","slug":"conditions-generales-de-vente","status":"publish","type":"page","link":"https:\/\/bayaga.fr\/?page_id=204","title":{"rendered":"Conditions g\u00e9n\u00e9rales de vente"},"content":{"rendered":"\n<h1 class=\"wp-block-heading\">Conditions G\u00e9n\u00e9rales de Vente \u2013 Bayaga.Ink<\/h1>\n\n\n\n<h2 class=\"wp-block-heading\">1. Objet<\/h2>\n\n\n\n<p class=\"has-ast-global-color-8-color has-text-color has-link-color wp-elements-4c25889f11fb694e99af571c7df75694\">Les pr\u00e9sentes conditions g\u00e9n\u00e9rales de vente (CGV) d\u00e9finissent les modalit\u00e9s de r\u00e9servation, paiement et r\u00e9alisation des prestations propos\u00e9es par<strong> Bayaga.Ink<\/strong> :<\/p>\n\n\n\n<ul class=\"wp-block-list\">\n<li class=\"has-ast-global-color-8-color has-text-color has-link-color wp-elements-2e3945c011747bf9f6a5216346babfff\">Tatouage par effraction cutan\u00e9 (handpoke &amp; machine)<\/li>\n\n\n\n<li class=\"has-ast-global-color-8-color has-text-color has-link-color wp-elements-73d973c639e945e4d706faa500bc461c\">Dermopigmentation r\u00e9paratrice<\/li>\n\n\n\n<li class=\"has-ast-global-color-8-color has-text-color has-link-color wp-elements-adf3df26bdf2fcc4c46a5d419f291730\">Ateliers cr\u00e9atifs (poterie, cartes oracle, poup\u00e9e d\u2019intention, voyage sonore, etc.)<\/li>\n\n\n\n<li class=\"has-ast-global-color-8-color has-text-color has-link-color wp-elements-8788981544772fbd0cd735ad4d4b4e16\">Objets et cr\u00e9ations artisanales<\/li>\n<\/ul>\n\n\n\n<p class=\"has-ast-global-color-8-color has-text-color has-link-color wp-elements-97ca88e1dac4a3ffb5a49344e22c8da1\">Tout client ou participant accepte ces CGV au moment de la r\u00e9servation.<\/p>\n\n\n\n<hr class=\"wp-block-separator has-alpha-channel-opacity\"\/>\n\n\n\n<h2 class=\"wp-block-heading\">2. R\u00e9servation et paiement<\/h2>\n\n\n\n<ul class=\"wp-block-list\">\n<li class=\"has-ast-global-color-8-color has-text-color has-link-color wp-elements-7a02148b6b19b9e27fd6fbf37658ea00\">La r\u00e9servation est <strong>confirm\u00e9e apr\u00e8s r\u00e9ception de l\u2019acompte<\/strong> :\n<ul class=\"wp-block-list\">\n<li>Tatouage \/ dermopigmentation : <strong>25\u20ac<\/strong><\/li>\n\n\n\n<li>Atelier cr\u00e9atif : <strong>10\u20ac par participant<\/strong><\/li>\n<\/ul>\n<\/li>\n\n\n\n<li class=\"has-ast-global-color-8-color has-text-color has-link-color wp-elements-1dbcf2d4f9d57a9887504dc598bc7184\">Le solde est \u00e0 r\u00e9gler <strong>le jour de la prestation<\/strong>.<\/li>\n\n\n\n<li class=\"has-ast-global-color-8-color has-text-color has-link-color wp-elements-b84fa081c2dfe03083f2edec4cb318bd\">Le paiement peut se faire par virement, esp\u00e8ces, ch\u00e8que ou carte bancaire selon les options disponibles.<\/li>\n<\/ul>\n\n\n\n<hr class=\"wp-block-separator has-alpha-channel-opacity\"\/>\n\n\n\n<h2 class=\"wp-block-heading\">3. Annulation et report<\/h2>\n\n\n\n<ul class=\"wp-block-list\">\n<li class=\"has-ast-global-color-8-color has-text-color has-link-color wp-elements-81a77acda4bff808eca34778c203f100\">Tatouage \/ dermopigmentation :\n<ul class=\"wp-block-list\">\n<li class=\"has-ast-global-color-8-color has-text-color has-link-color wp-elements-620cd40158038c50927712fb533b559b\">L&#8217;acompte n&#8217;est pas remboursable<\/li>\n\n\n\n<li>Report possible selon disponibilit\u00e9s, <strong>au moins 48h avant<\/strong> la s\u00e9ance<\/li>\n<\/ul>\n<\/li>\n\n\n\n<li class=\"has-ast-global-color-8-color has-text-color has-link-color wp-elements-759a61eb32d7eee6e6d78a1d82426799\">Atelier cr\u00e9atif :\n<ul class=\"wp-block-list\">\n<li class=\"has-ast-global-color-8-color has-text-color has-link-color wp-elements-0dfd3d76bffe51bb6c1031ad85c2adad\">Annulation <strong>au moins 48h avant<\/strong> : remboursement int\u00e9gral ou report<\/li>\n\n\n\n<li class=\"has-ast-global-color-8-color has-text-color has-link-color wp-elements-c69bafa127de8e98e18245ccaa646e99\">Moins de 48h : acompte non remboursable, report possible selon disponibilit\u00e9s<\/li>\n<\/ul>\n<\/li>\n<\/ul>\n\n\n\n<hr class=\"wp-block-separator has-alpha-channel-opacity\"\/>\n\n\n\n<h2 class=\"wp-block-heading\">4. Obligations et responsabilit\u00e9 du client<\/h2>\n\n\n\n<ul class=\"wp-block-list\">\n<li class=\"has-ast-global-color-8-color has-text-color has-link-color wp-elements-2d06dc4382dfa1009afbd81f5ac1874a\">Le client doit <strong>informer de tout traitement m\u00e9dical, allergie ou contre-indication<\/strong> avant la prestation.<\/li>\n\n\n\n<li class=\"has-ast-global-color-8-color has-text-color has-link-color wp-elements-e929d04cb51ea2c527d60ca36a5aca85\">Le tatouage et la dermopigmentation peuvent pr\u00e9senter <strong>des risques (allergies, cicatrisation, rougeur)<\/strong>. Bayaga.Ink fournit les informations n\u00e9cessaires \u00e0 la pr\u00e9vention et aux soins post-prestation.<\/li>\n\n\n\n<li class=\"has-ast-global-color-8-color has-text-color has-link-color wp-elements-fbd0832ce554aa740ad3a381cae8cf94\">Le client doit <strong>respecter les consignes d\u2019hygi\u00e8ne et de soin<\/strong> communiqu\u00e9es.<\/li>\n\n\n\n<li class=\"has-ast-global-color-8-color has-text-color has-link-color wp-elements-22b024f34dad806ed531b4fb85d1338e\">Bayaga.Ink ne peut \u00eatre tenue responsable des complications li\u00e9es \u00e0 un <strong>non-respect des consignes<\/strong> ou d\u2019un \u00e9tat de sant\u00e9 non communiqu\u00e9.<\/li>\n<\/ul>\n\n\n\n<hr class=\"wp-block-separator has-alpha-channel-opacity\"\/>\n\n\n\n<h2 class=\"wp-block-heading\">5. D\u00e9roulement des ateliers<\/h2>\n\n\n\n<ul class=\"wp-block-list\">\n<li class=\"has-ast-global-color-8-color has-text-color has-link-color wp-elements-2d1952abb336e389388c3c24d1942e66\">Les ateliers sont propos\u00e9s dans un cadre <strong>cr\u00e9atif, bienveillant et s\u00e9curis\u00e9<\/strong>.<\/li>\n\n\n\n<li class=\"has-ast-global-color-8-color has-text-color has-link-color wp-elements-857ce17057f92ad2131d924d29c5ca36\">Ils ne sont <strong>pas th\u00e9rapeutiques<\/strong> et n\u2019impliquent pas de suivi m\u00e9dical ou psychologique.<\/li>\n\n\n\n<li class=\"has-ast-global-color-8-color has-text-color has-link-color wp-elements-eebca1cd488e5e858be1c19f7dd51b56\">Chaque participant est responsable de ses cr\u00e9ations et doit respecter le mat\u00e9riel et l\u2019espace partag\u00e9.<\/li>\n<\/ul>\n\n\n\n<hr class=\"wp-block-separator has-alpha-channel-opacity\"\/>\n\n\n\n<h2 class=\"wp-block-heading\">6. Propri\u00e9t\u00e9 intellectuelle<\/h2>\n\n\n\n<ul class=\"wp-block-list\">\n<li class=\"has-ast-global-color-8-color has-text-color has-link-color wp-elements-2ddfb5d3c94a3a7c61a60f3197fb9fda\">Les cr\u00e9ations de Bayaga.Ink (tatouages, illustrations, objets, supports d\u2019ateliers) restent la <strong>propri\u00e9t\u00e9 intellectuelle de Bayaga<\/strong>.Ink, sauf accord sp\u00e9cifique \u00e9crit.<\/li>\n\n\n\n<li class=\"has-ast-global-color-8-color has-text-color has-link-color wp-elements-1ea8ec5bb0798ad8eb08a0efabb8b585\">Les participants ou clients peuvent <strong>utiliser leurs cr\u00e9ations personnelles<\/strong>, mais ne peuvent pas les reproduire \u00e0 des fins commerciales.<\/li>\n<\/ul>\n\n\n\n<hr class=\"wp-block-separator has-alpha-channel-opacity\"\/>\n\n\n\n<h2 class=\"wp-block-heading\">7. Photos \/ publications<\/h2>\n\n\n\n<ul class=\"wp-block-list\">\n<li class=\"has-ast-global-color-8-color has-text-color has-link-color wp-elements-184614ac40cc53981c9e744248569ffe\">Bayaga.Ink peut <strong>photographier certaines prestations<\/strong> ou cr\u00e9ations pour communication sur son site ou r\u00e9seaux sociaux.<\/li>\n\n\n\n<li class=\"has-ast-global-color-8-color has-text-color has-link-color wp-elements-2f9966c175a35912d5e9f6db61a579d0\">Le client ou participant peut <strong>refuser l\u2019utilisation de ses photos<\/strong> en le pr\u00e9cisant avant la s\u00e9ance.<\/li>\n<\/ul>\n\n\n\n<hr class=\"wp-block-separator has-alpha-channel-opacity\"\/>\n\n\n\n<h2 class=\"wp-block-heading\">8. Litiges et droit applicable<\/h2>\n\n\n\n<ul class=\"wp-block-list\">\n<li class=\"has-ast-global-color-8-color has-text-color has-link-color wp-elements-9a3dd23843c1baab1fc489f4f9ae105e\">Les pr\u00e9sentes CGV sont r\u00e9gies par le <strong>droit fran\u00e7ais<\/strong>.<\/li>\n\n\n\n<li class=\"has-ast-global-color-8-color has-text-color has-link-color wp-elements-78219e93bbc53eec75bbc524ce64e660\">Tout litige sera soumis aux <strong>tribunaux comp\u00e9tents<\/strong> du lieu du si\u00e8ge social de Bayaga.Ink.<\/li>\n<\/ul>\n\n\n\n<hr class=\"wp-block-separator has-alpha-channel-opacity\"\/>\n\n\n\n<h2 class=\"wp-block-heading\">9. Contact<\/h2>\n\n\n\n<p class=\"has-ast-global-color-8-color has-text-color has-link-color wp-elements-9569b70e6259c4f2780e56efe08e0c44\">Pour toute question relative aux CGV, aux prestations ou aux donn\u00e9es personnelles :<br>\ud83d\udce7 Email : bayaga.art@gmail.com<br>\ud83d\udcde T\u00e9l\u00e9phone : 07 70 73 71 91<\/p>\n\n\n\n<p><\/p>\n","protected":false},"excerpt":{"rendered":"<p>Conditions G\u00e9n\u00e9rales de Vente \u2013 Bayaga.Ink 1. Objet Les pr\u00e9sentes conditions g\u00e9n\u00e9rales de vente (CGV) d\u00e9finissent les modalit\u00e9s de r\u00e9servation, [&hellip;]<\/p>\n","protected":false},"author":1,"featured_media":0,"parent":0,"menu_order":0,"comment_status":"closed","ping_status":"closed","template":"","meta":{"_uag_custom_page_level_css":"","site-sidebar-layout":"default","site-content-layout":"","ast-site-content-layout":"default","site-content-style":"default","site-sidebar-style":"default","ast-global-header-display":"","ast-banner-title-visibility":"","ast-main-header-display":"","ast-hfb-above-header-display":"","ast-hfb-below-header-display":"","ast-hfb-mobile-header-display":"","site-post-title":"","ast-breadcrumbs-content":"","ast-featured-img":"","footer-sml-layout":"","theme-transparent-header-meta":"","adv-header-id-meta":"","stick-header-meta":"","header-above-stick-meta":"","header-main-stick-meta":"","header-below-stick-meta":"","astra-migrate-meta-layouts":"default","ast-page-background-enabled":"default","ast-page-background-meta":{"desktop":{"background-color":"var(--ast-global-color-5)","background-image":"","background-repeat":"repeat","background-position":"center center","background-size":"auto","background-attachment":"scroll","background-type":"","background-media":"","overlay-type":"","overlay-color":"","overlay-opacity":"","overlay-gradient":""},"tablet":{"background-color":"","background-image":"","background-repeat":"repeat","background-position":"center center","background-size":"auto","background-attachment":"scroll","background-type":"","background-media":"","overlay-type":"","overlay-color":"","overlay-opacity":"","overlay-gradient":""},"mobile":{"background-color":"","background-image":"","background-repeat":"repeat","background-position":"center center","background-size":"auto","background-attachment":"scroll","background-type":"","background-media":"","overlay-type":"","overlay-color":"","overlay-opacity":"","overlay-gradient":""}},"ast-content-background-meta":{"desktop":{"background-color":"var(--ast-global-color-4)","background-image":"","background-repeat":"repeat","background-position":"center center","background-size":"auto","background-attachment":"scroll","background-type":"","background-media":"","overlay-type":"","overlay-color":"","overlay-opacity":"","overlay-gradient":""},"tablet":{"background-color":"var(--ast-global-color-4)","background-image":"","background-repeat":"repeat","background-position":"center center","background-size":"auto","background-attachment":"scroll","background-type":"","background-media":"","overlay-type":"","overlay-color":"","overlay-opacity":"","overlay-gradient":""},"mobile":{"background-color":"var(--ast-global-color-4)","background-image":"","background-repeat":"repeat","background-position":"center center","background-size":"auto","background-attachment":"scroll","background-type":"","background-media":"","overlay-type":"","overlay-color":"","overlay-opacity":"","overlay-gradient":""}},"footnotes":""},"class_list":["post-204","page","type-page","status-publish","hentry"],"uagb_featured_image_src":{"full":false,"thumbnail":false,"medium":false,"medium_large":false,"large":false,"1536x1536":false,"2048x2048":false},"uagb_author_info":{"display_name":"Genet","author_link":"https:\/\/bayaga.fr\/author\/admin2280"},"uagb_comment_info":0,"uagb_excerpt":"Conditions G\u00e9n\u00e9rales de Vente \u2013 Bayaga.Ink 1. Objet Les pr\u00e9sentes conditions g\u00e9n\u00e9rales de vente (CGV) d\u00e9finissent les modalit\u00e9s de r\u00e9servation, [&hellip;]","jetpack_sharing_enabled":true,"_links":{"self":[{"href":"https:\/\/bayaga.fr\/index.php?rest_route=\/wp\/v2\/pages\/204","targetHints":{"allow":["GET"]}}],"collection":[{"href":"https:\/\/bayaga.fr\/index.php?rest_route=\/wp\/v2\/pages"}],"about":[{"href":"https:\/\/bayaga.fr\/index.php?rest_route=\/wp\/v2\/types\/page"}],"author":[{"embeddable":true,"href":"https:\/\/bayaga.fr\/index.php?rest_route=\/wp\/v2\/users\/1"}],"replies":[{"embeddable":true,"href":"https:\/\/bayaga.fr\/index.php?rest_route=%2Fwp%2Fv2%2Fcomments&post=204"}],"version-history":[{"count":1,"href":"https:\/\/bayaga.fr\/index.php?rest_route=\/wp\/v2\/pages\/204\/revisions"}],"predecessor-version":[{"id":205,"href":"https:\/\/bayaga.fr\/index.php?rest_route=\/wp\/v2\/pages\/204\/revisions\/205"}],"wp:attachment":[{"href":"https:\/\/bayaga.fr\/index.php?rest_route=%2Fwp%2Fv2%2Fmedia&parent=204"}],"curies":[{"name":"wp","href":"https:\/\/api.w.org\/{rel}","templated":true}]}}